{"id":64,"date":"2019-02-19T08:58:50","date_gmt":"2019-02-19T08:58:50","guid":{"rendered":"http:\/\/dchintelligence.com\/?page_id=64"},"modified":"2020-04-22T16:58:17","modified_gmt":"2020-04-22T16:58:17","slug":"dch-intelligence-security","status":"publish","type":"page","link":"https:\/\/dchintelligence.com\/es\/","title":{"rendered":"DCH Intelligence &#038; Security"},"content":{"rendered":"","protected":false},"excerpt":{"rendered":"","protected":false},"author":2,"featured_media":0,"parent":0,"menu_order":0,"comment_status":"closed","ping_status":"closed","template":"","meta":{"_genesis_hide_title":false,"_genesis_hide_breadcrumbs":false,"_genesis_hide_singular_image":false,"_genesis_hide_footer_widgets":false,"_genesis_custom_body_class":"","_genesis_custom_post_class":"","_genesis_layout":"full-width-content","footnotes":""},"class_list":{"0":"post-64","1":"page","2":"type-page","3":"status-publish","5":"entry"},"yoast_head":"<!-- This site is optimized with the Yoast SEO plugin v27.4 - https:\/\/yoast.com\/product\/yoast-seo-wordpress\/ -->\n<title>DCH Intelligence &amp; Security - Consultor\u00eda de inteligencia, investigaci\u00f3n y seguridad<\/title>\n<meta name=\"description\" content=\"DCH Intelligence &amp; Security: investigaci\u00f3n, inteligencia y seguridad. Detectives.\" \/>\n<meta name=\"robots\" content=\"index, follow, max-snippet:-1, max-image-preview:large, max-video-preview:-1\" \/>\n<link rel=\"canonical\" href=\"https:\/\/dchintelligence.com\/es\/\" \/>\n<meta property=\"og:locale\" content=\"es_ES\" \/>\n<meta property=\"og:type\" content=\"article\" \/>\n<meta property=\"og:title\" content=\"DCH Intelligence &amp; Security - Consultor\u00eda de inteligencia, investigaci\u00f3n y seguridad\" \/>\n<meta property=\"og:description\" content=\"DCH Intelligence &amp; Security: investigaci\u00f3n, inteligencia y seguridad. Detectives.\" \/>\n<meta property=\"og:url\" content=\"https:\/\/dchintelligence.com\/es\/\" \/>\n<meta property=\"og:site_name\" content=\"DCH Intelligence &amp; Security\" \/>\n<meta property=\"article:modified_time\" content=\"2020-04-22T16:58:17+00:00\" \/>\n<meta name=\"twitter:card\" content=\"summary_large_image\" \/>\n<script type=\"application\/ld+json\" class=\"yoast-schema-graph\">{\"@context\":\"https:\\\/\\\/schema.org\",\"@graph\":[{\"@type\":\"WebPage\",\"@id\":\"https:\\\/\\\/dchintelligence.com\\\/es\\\/\",\"url\":\"https:\\\/\\\/dchintelligence.com\\\/es\\\/\",\"name\":\"DCH Intelligence & Security - Consultor\u00eda de inteligencia, investigaci\u00f3n y seguridad\",\"isPartOf\":{\"@id\":\"https:\\\/\\\/dchintelligence.com\\\/es\\\/#website\"},\"datePublished\":\"2019-02-19T08:58:50+00:00\",\"dateModified\":\"2020-04-22T16:58:17+00:00\",\"description\":\"DCH Intelligence & Security: investigaci\u00f3n, inteligencia y seguridad. Detectives.\",\"breadcrumb\":{\"@id\":\"https:\\\/\\\/dchintelligence.com\\\/es\\\/#breadcrumb\"},\"inLanguage\":\"es\",\"potentialAction\":[{\"@type\":\"ReadAction\",\"target\":[\"https:\\\/\\\/dchintelligence.com\\\/es\\\/\"]}]},{\"@type\":\"BreadcrumbList\",\"@id\":\"https:\\\/\\\/dchintelligence.com\\\/es\\\/#breadcrumb\",\"itemListElement\":[{\"@type\":\"ListItem\",\"position\":1,\"name\":\"Portada\",\"item\":\"https:\\\/\\\/dchintelligence.com\\\/es\\\/\"},{\"@type\":\"ListItem\",\"position\":2,\"name\":\"DCH Intelligence &#038; Security\"}]},{\"@type\":\"WebSite\",\"@id\":\"https:\\\/\\\/dchintelligence.com\\\/es\\\/#website\",\"url\":\"https:\\\/\\\/dchintelligence.com\\\/es\\\/\",\"name\":\"DCH Intelligence &amp; Security\",\"description\":\"Consultor\u00eda de inteligencia, investigaci\u00f3n y seguridad\",\"potentialAction\":[{\"@type\":\"SearchAction\",\"target\":{\"@type\":\"EntryPoint\",\"urlTemplate\":\"https:\\\/\\\/dchintelligence.com\\\/es\\\/?s={search_term_string}\"},\"query-input\":{\"@type\":\"PropertyValueSpecification\",\"valueRequired\":true,\"valueName\":\"search_term_string\"}}],\"inLanguage\":\"es\"}]}<\/script>\n<!-- \/ Yoast SEO plugin. -->","yoast_head_json":{"title":"DCH Intelligence & Security - Consultor\u00eda de inteligencia, investigaci\u00f3n y seguridad","description":"DCH Intelligence & Security: investigaci\u00f3n, inteligencia y seguridad. Detectives.","robots":{"index":"index","follow":"follow","max-snippet":"max-snippet:-1","max-image-preview":"max-image-preview:large","max-video-preview":"max-video-preview:-1"},"canonical":"https:\/\/dchintelligence.com\/es\/","og_locale":"es_ES","og_type":"article","og_title":"DCH Intelligence & Security - Consultor\u00eda de inteligencia, investigaci\u00f3n y seguridad","og_description":"DCH Intelligence & Security: investigaci\u00f3n, inteligencia y seguridad. Detectives.","og_url":"https:\/\/dchintelligence.com\/es\/","og_site_name":"DCH Intelligence &amp; Security","article_modified_time":"2020-04-22T16:58:17+00:00","twitter_card":"summary_large_image","schema":{"@context":"https:\/\/schema.org","@graph":[{"@type":"WebPage","@id":"https:\/\/dchintelligence.com\/es\/","url":"https:\/\/dchintelligence.com\/es\/","name":"DCH Intelligence & Security - Consultor\u00eda de inteligencia, investigaci\u00f3n y seguridad","isPartOf":{"@id":"https:\/\/dchintelligence.com\/es\/#website"},"datePublished":"2019-02-19T08:58:50+00:00","dateModified":"2020-04-22T16:58:17+00:00","description":"DCH Intelligence & Security: investigaci\u00f3n, inteligencia y seguridad. Detectives.","breadcrumb":{"@id":"https:\/\/dchintelligence.com\/es\/#breadcrumb"},"inLanguage":"es","potentialAction":[{"@type":"ReadAction","target":["https:\/\/dchintelligence.com\/es\/"]}]},{"@type":"BreadcrumbList","@id":"https:\/\/dchintelligence.com\/es\/#breadcrumb","itemListElement":[{"@type":"ListItem","position":1,"name":"Portada","item":"https:\/\/dchintelligence.com\/es\/"},{"@type":"ListItem","position":2,"name":"DCH Intelligence &#038; Security"}]},{"@type":"WebSite","@id":"https:\/\/dchintelligence.com\/es\/#website","url":"https:\/\/dchintelligence.com\/es\/","name":"DCH Intelligence &amp; Security","description":"Consultor\u00eda de inteligencia, investigaci\u00f3n y seguridad","potentialAction":[{"@type":"SearchAction","target":{"@type":"EntryPoint","urlTemplate":"https:\/\/dchintelligence.com\/es\/?s={search_term_string}"},"query-input":{"@type":"PropertyValueSpecification","valueRequired":true,"valueName":"search_term_string"}}],"inLanguage":"es"}]}},"_links":{"self":[{"href":"https:\/\/dchintelligence.com\/es\/wp-json\/wp\/v2\/pages\/64","targetHints":{"allow":["GET"]}}],"collection":[{"href":"https:\/\/dchintelligence.com\/es\/wp-json\/wp\/v2\/pages"}],"about":[{"href":"https:\/\/dchintelligence.com\/es\/wp-json\/wp\/v2\/types\/page"}],"author":[{"embeddable":true,"href":"https:\/\/dchintelligence.com\/es\/wp-json\/wp\/v2\/users\/2"}],"replies":[{"embeddable":true,"href":"https:\/\/dchintelligence.com\/es\/wp-json\/wp\/v2\/comments?post=64"}],"version-history":[{"count":2,"href":"https:\/\/dchintelligence.com\/es\/wp-json\/wp\/v2\/pages\/64\/revisions"}],"predecessor-version":[{"id":936,"href":"https:\/\/dchintelligence.com\/es\/wp-json\/wp\/v2\/pages\/64\/revisions\/936"}],"wp:attachment":[{"href":"https:\/\/dchintelligence.com\/es\/wp-json\/wp\/v2\/media?parent=64"}],"curies":[{"name":"wp","href":"https:\/\/api.w.org\/{rel}","templated":true}]}}