{"id":13,"date":"2019-02-19T08:52:01","date_gmt":"2019-02-19T08:52:01","guid":{"rendered":"http:\/\/dchintelligence.com\/?page_id=13"},"modified":"2020-04-22T17:00:06","modified_gmt":"2020-04-22T17:00:06","slug":"servicios","status":"publish","type":"page","link":"https:\/\/dchintelligence.com\/es\/servicios\/","title":{"rendered":"Servicios"},"content":{"rendered":"\n<p>Nuestros servicios est\u00e1n dirigidos a empresarios y todas las \u00e1reas de la empresa  (consejo de administraci\u00f3n, directivos, Departamento Financiero, Departamento de Recursos Humanos, Departamento de Auditor\u00eda Interna, asesor\u00eda jur\u00eddica, compliance)  y despachos de abogados entre otros.<\/p>\n\n\n<div class=\"display-posts-listing grid\"><div class=\"listing-item\"><a class=\"image\" href=\"https:\/\/dchintelligence.com\/es\/servicios\/inteligencia\/\"><img loading=\"lazy\" decoding=\"async\" width=\"300\" height=\"200\" src=\"https:\/\/dchintelligence.com\/wp-content\/uploads\/2019\/03\/strategic-intelligence-300x200.jpg\" class=\"attachment-medium size-medium wp-post-image\" alt=\"\" srcset=\"https:\/\/dchintelligence.com\/wp-content\/uploads\/2019\/03\/strategic-intelligence-300x200.jpg 300w, https:\/\/dchintelligence.com\/wp-content\/uploads\/2019\/03\/strategic-intelligence-768x512.jpg 768w, https:\/\/dchintelligence.com\/wp-content\/uploads\/2019\/03\/strategic-intelligence-1024x683.jpg 1024w, https:\/\/dchintelligence.com\/wp-content\/uploads\/2019\/03\/strategic-intelligence-600x400.jpg 600w, https:\/\/dchintelligence.com\/wp-content\/uploads\/2019\/03\/strategic-intelligence.jpg 1500w\" sizes=\"auto, (max-width: 300px) 100vw, 300px\" \/><\/a> <a class=\"title\" href=\"https:\/\/dchintelligence.com\/es\/servicios\/inteligencia\/\">Inteligencia<\/a><\/div><div class=\"listing-item\"><a class=\"image\" href=\"https:\/\/dchintelligence.com\/es\/servicios\/investigacion\/\"><img loading=\"lazy\" decoding=\"async\" width=\"300\" height=\"200\" src=\"https:\/\/dchintelligence.com\/wp-content\/uploads\/2019\/04\/investigation-300x200.jpg\" class=\"attachment-medium size-medium wp-post-image\" alt=\"\" srcset=\"https:\/\/dchintelligence.com\/wp-content\/uploads\/2019\/04\/investigation-300x200.jpg 300w, https:\/\/dchintelligence.com\/wp-content\/uploads\/2019\/04\/investigation-768x513.jpg 768w, https:\/\/dchintelligence.com\/wp-content\/uploads\/2019\/04\/investigation-1024x684.jpg 1024w, https:\/\/dchintelligence.com\/wp-content\/uploads\/2019\/04\/investigation-600x400.jpg 600w, https:\/\/dchintelligence.com\/wp-content\/uploads\/2019\/04\/investigation.jpg 1050w\" sizes=\"auto, (max-width: 300px) 100vw, 300px\" \/><\/a> <a class=\"title\" href=\"https:\/\/dchintelligence.com\/es\/servicios\/investigacion\/\">Investigaci\u00f3n<\/a><\/div><div class=\"listing-item\"><a class=\"image\" href=\"https:\/\/dchintelligence.com\/es\/servicios\/seguridad\/\"><img loading=\"lazy\" decoding=\"async\" width=\"300\" height=\"200\" src=\"https:\/\/dchintelligence.com\/wp-content\/uploads\/2019\/04\/security-300x200.jpg\" class=\"attachment-medium size-medium wp-post-image\" alt=\"\" srcset=\"https:\/\/dchintelligence.com\/wp-content\/uploads\/2019\/04\/security-300x200.jpg 300w, https:\/\/dchintelligence.com\/wp-content\/uploads\/2019\/04\/security-768x512.jpg 768w, https:\/\/dchintelligence.com\/wp-content\/uploads\/2019\/04\/security-1024x683.jpg 1024w, https:\/\/dchintelligence.com\/wp-content\/uploads\/2019\/04\/security-600x400.jpg 600w, https:\/\/dchintelligence.com\/wp-content\/uploads\/2019\/04\/security.jpg 1050w\" sizes=\"auto, (max-width: 300px) 100vw, 300px\" \/><\/a> <a class=\"title\" href=\"https:\/\/dchintelligence.com\/es\/servicios\/seguridad\/\">Seguridad<\/a><\/div><div class=\"listing-item\"><a class=\"image\" href=\"https:\/\/dchintelligence.com\/es\/servicios\/servicios-especiales\/\"><img loading=\"lazy\" decoding=\"async\" width=\"300\" height=\"200\" src=\"https:\/\/dchintelligence.com\/wp-content\/uploads\/2019\/04\/chairs-300x200.jpg\" class=\"attachment-medium size-medium wp-post-image\" alt=\"\" srcset=\"https:\/\/dchintelligence.com\/wp-content\/uploads\/2019\/04\/chairs-300x200.jpg 300w, https:\/\/dchintelligence.com\/wp-content\/uploads\/2019\/04\/chairs-768x512.jpg 768w, https:\/\/dchintelligence.com\/wp-content\/uploads\/2019\/04\/chairs-1024x683.jpg 1024w, https:\/\/dchintelligence.com\/wp-content\/uploads\/2019\/04\/chairs-600x400.jpg 600w, https:\/\/dchintelligence.com\/wp-content\/uploads\/2019\/04\/chairs.jpg 1050w\" sizes=\"auto, (max-width: 300px) 100vw, 300px\" \/><\/a> <a class=\"title\" href=\"https:\/\/dchintelligence.com\/es\/servicios\/servicios-especiales\/\">Servicios especiales<\/a><\/div><div class=\"listing-item\"><a class=\"image\" href=\"https:\/\/dchintelligence.com\/es\/servicios\/investigacion-digital\/\"><img loading=\"lazy\" decoding=\"async\" width=\"300\" height=\"200\" src=\"https:\/\/dchintelligence.com\/wp-content\/uploads\/2019\/03\/laptop-300x200.jpg\" class=\"attachment-medium size-medium wp-post-image\" alt=\"\" srcset=\"https:\/\/dchintelligence.com\/wp-content\/uploads\/2019\/03\/laptop-300x200.jpg 300w, https:\/\/dchintelligence.com\/wp-content\/uploads\/2019\/03\/laptop-768x512.jpg 768w, https:\/\/dchintelligence.com\/wp-content\/uploads\/2019\/03\/laptop-1024x682.jpg 1024w, https:\/\/dchintelligence.com\/wp-content\/uploads\/2019\/03\/laptop-600x400.jpg 600w, https:\/\/dchintelligence.com\/wp-content\/uploads\/2019\/03\/laptop.jpg 1280w\" sizes=\"auto, (max-width: 300px) 100vw, 300px\" \/><\/a> <a class=\"title\" href=\"https:\/\/dchintelligence.com\/es\/servicios\/investigacion-digital\/\">Investigaci\u00f3n digital<\/a><\/div><\/div>\n\n\n\n<p><\/p>\n","protected":false},"excerpt":{"rendered":"<p>Nuestros servicios est\u00e1n dirigidos a empresarios y todas las \u00e1reas de la empresa (consejo de administraci\u00f3n, directivos, Departamento Financiero, Departamento de Recursos Humanos, Departamento de Auditor\u00eda Interna, asesor\u00eda jur\u00eddica, compliance) y despachos de abogados entre otros.<\/p>\n","protected":false},"author":2,"featured_media":462,"parent":0,"menu_order":0,"comment_status":"closed","ping_status":"closed","template":"","meta":{"_genesis_hide_title":false,"_genesis_hide_breadcrumbs":false,"_genesis_hide_singular_image":false,"_genesis_hide_footer_widgets":false,"_genesis_custom_body_class":"","_genesis_custom_post_class":"","_genesis_layout":"","footnotes":""},"class_list":{"0":"post-13","1":"page","2":"type-page","3":"status-publish","4":"has-post-thumbnail","6":"entry"},"yoast_head":"<!-- This site is optimized with the Yoast SEO plugin v27.4 - https:\/\/yoast.com\/product\/yoast-seo-wordpress\/ -->\n<title>Servicios - DCH Intelligence &amp; Security<\/title>\n<meta name=\"description\" content=\"Servicios que ofrece DCH Intelligence &amp; Security (investigaci\u00f3n, inteligencia y seguridad). Detectives.\" \/>\n<meta name=\"robots\" content=\"index, follow, max-snippet:-1, max-image-preview:large, max-video-preview:-1\" \/>\n<link rel=\"canonical\" href=\"https:\/\/dchintelligence.com\/es\/servicios\/\" \/>\n<meta property=\"og:locale\" content=\"es_ES\" \/>\n<meta property=\"og:type\" content=\"article\" \/>\n<meta property=\"og:title\" content=\"Servicios - DCH Intelligence &amp; Security\" \/>\n<meta property=\"og:description\" content=\"Servicios que ofrece DCH Intelligence &amp; Security (investigaci\u00f3n, inteligencia y seguridad). Detectives.\" \/>\n<meta property=\"og:url\" content=\"https:\/\/dchintelligence.com\/es\/servicios\/\" \/>\n<meta property=\"og:site_name\" content=\"DCH Intelligence &amp; Security\" \/>\n<meta property=\"article:modified_time\" content=\"2020-04-22T17:00:06+00:00\" \/>\n<meta property=\"og:image\" content=\"https:\/\/dchintelligence.com\/wp-content\/uploads\/2019\/03\/photo-1477336074447-9d9d6d10c422.jpg\" \/>\n\t<meta property=\"og:image:width\" content=\"1050\" \/>\n\t<meta property=\"og:image:height\" content=\"700\" \/>\n\t<meta property=\"og:image:type\" content=\"image\/jpeg\" \/>\n<meta name=\"twitter:card\" content=\"summary_large_image\" \/>\n<script type=\"application\/ld+json\" class=\"yoast-schema-graph\">{\"@context\":\"https:\\\/\\\/schema.org\",\"@graph\":[{\"@type\":\"WebPage\",\"@id\":\"https:\\\/\\\/dchintelligence.com\\\/es\\\/servicios\\\/\",\"url\":\"https:\\\/\\\/dchintelligence.com\\\/es\\\/servicios\\\/\",\"name\":\"Servicios - DCH Intelligence &amp; Security\",\"isPartOf\":{\"@id\":\"https:\\\/\\\/dchintelligence.com\\\/es\\\/#website\"},\"primaryImageOfPage\":{\"@id\":\"https:\\\/\\\/dchintelligence.com\\\/es\\\/servicios\\\/#primaryimage\"},\"image\":{\"@id\":\"https:\\\/\\\/dchintelligence.com\\\/es\\\/servicios\\\/#primaryimage\"},\"thumbnailUrl\":\"https:\\\/\\\/dchintelligence.com\\\/wp-content\\\/uploads\\\/2019\\\/03\\\/photo-1477336074447-9d9d6d10c422.jpg\",\"datePublished\":\"2019-02-19T08:52:01+00:00\",\"dateModified\":\"2020-04-22T17:00:06+00:00\",\"description\":\"Servicios que ofrece DCH Intelligence & Security (investigaci\u00f3n, inteligencia y seguridad). Detectives.\",\"breadcrumb\":{\"@id\":\"https:\\\/\\\/dchintelligence.com\\\/es\\\/servicios\\\/#breadcrumb\"},\"inLanguage\":\"es\",\"potentialAction\":[{\"@type\":\"ReadAction\",\"target\":[\"https:\\\/\\\/dchintelligence.com\\\/es\\\/servicios\\\/\"]}]},{\"@type\":\"ImageObject\",\"inLanguage\":\"es\",\"@id\":\"https:\\\/\\\/dchintelligence.com\\\/es\\\/servicios\\\/#primaryimage\",\"url\":\"https:\\\/\\\/dchintelligence.com\\\/wp-content\\\/uploads\\\/2019\\\/03\\\/photo-1477336074447-9d9d6d10c422.jpg\",\"contentUrl\":\"https:\\\/\\\/dchintelligence.com\\\/wp-content\\\/uploads\\\/2019\\\/03\\\/photo-1477336074447-9d9d6d10c422.jpg\",\"width\":1050,\"height\":700},{\"@type\":\"BreadcrumbList\",\"@id\":\"https:\\\/\\\/dchintelligence.com\\\/es\\\/servicios\\\/#breadcrumb\",\"itemListElement\":[{\"@type\":\"ListItem\",\"position\":1,\"name\":\"Portada\",\"item\":\"https:\\\/\\\/dchintelligence.com\\\/es\\\/\"},{\"@type\":\"ListItem\",\"position\":2,\"name\":\"Servicios\"}]},{\"@type\":\"WebSite\",\"@id\":\"https:\\\/\\\/dchintelligence.com\\\/es\\\/#website\",\"url\":\"https:\\\/\\\/dchintelligence.com\\\/es\\\/\",\"name\":\"DCH Intelligence &amp; Security\",\"description\":\"Consultor\u00eda de inteligencia, investigaci\u00f3n y seguridad\",\"potentialAction\":[{\"@type\":\"SearchAction\",\"target\":{\"@type\":\"EntryPoint\",\"urlTemplate\":\"https:\\\/\\\/dchintelligence.com\\\/es\\\/?s={search_term_string}\"},\"query-input\":{\"@type\":\"PropertyValueSpecification\",\"valueRequired\":true,\"valueName\":\"search_term_string\"}}],\"inLanguage\":\"es\"}]}<\/script>\n<!-- \/ Yoast SEO plugin. -->","yoast_head_json":{"title":"Servicios - DCH Intelligence &amp; Security","description":"Servicios que ofrece DCH Intelligence & Security (investigaci\u00f3n, inteligencia y seguridad). Detectives.","robots":{"index":"index","follow":"follow","max-snippet":"max-snippet:-1","max-image-preview":"max-image-preview:large","max-video-preview":"max-video-preview:-1"},"canonical":"https:\/\/dchintelligence.com\/es\/servicios\/","og_locale":"es_ES","og_type":"article","og_title":"Servicios - DCH Intelligence &amp; Security","og_description":"Servicios que ofrece DCH Intelligence & Security (investigaci\u00f3n, inteligencia y seguridad). Detectives.","og_url":"https:\/\/dchintelligence.com\/es\/servicios\/","og_site_name":"DCH Intelligence &amp; Security","article_modified_time":"2020-04-22T17:00:06+00:00","og_image":[{"width":1050,"height":700,"url":"https:\/\/dchintelligence.com\/wp-content\/uploads\/2019\/03\/photo-1477336074447-9d9d6d10c422.jpg","type":"image\/jpeg"}],"twitter_card":"summary_large_image","schema":{"@context":"https:\/\/schema.org","@graph":[{"@type":"WebPage","@id":"https:\/\/dchintelligence.com\/es\/servicios\/","url":"https:\/\/dchintelligence.com\/es\/servicios\/","name":"Servicios - DCH Intelligence &amp; Security","isPartOf":{"@id":"https:\/\/dchintelligence.com\/es\/#website"},"primaryImageOfPage":{"@id":"https:\/\/dchintelligence.com\/es\/servicios\/#primaryimage"},"image":{"@id":"https:\/\/dchintelligence.com\/es\/servicios\/#primaryimage"},"thumbnailUrl":"https:\/\/dchintelligence.com\/wp-content\/uploads\/2019\/03\/photo-1477336074447-9d9d6d10c422.jpg","datePublished":"2019-02-19T08:52:01+00:00","dateModified":"2020-04-22T17:00:06+00:00","description":"Servicios que ofrece DCH Intelligence & Security (investigaci\u00f3n, inteligencia y seguridad). Detectives.","breadcrumb":{"@id":"https:\/\/dchintelligence.com\/es\/servicios\/#breadcrumb"},"inLanguage":"es","potentialAction":[{"@type":"ReadAction","target":["https:\/\/dchintelligence.com\/es\/servicios\/"]}]},{"@type":"ImageObject","inLanguage":"es","@id":"https:\/\/dchintelligence.com\/es\/servicios\/#primaryimage","url":"https:\/\/dchintelligence.com\/wp-content\/uploads\/2019\/03\/photo-1477336074447-9d9d6d10c422.jpg","contentUrl":"https:\/\/dchintelligence.com\/wp-content\/uploads\/2019\/03\/photo-1477336074447-9d9d6d10c422.jpg","width":1050,"height":700},{"@type":"BreadcrumbList","@id":"https:\/\/dchintelligence.com\/es\/servicios\/#breadcrumb","itemListElement":[{"@type":"ListItem","position":1,"name":"Portada","item":"https:\/\/dchintelligence.com\/es\/"},{"@type":"ListItem","position":2,"name":"Servicios"}]},{"@type":"WebSite","@id":"https:\/\/dchintelligence.com\/es\/#website","url":"https:\/\/dchintelligence.com\/es\/","name":"DCH Intelligence &amp; Security","description":"Consultor\u00eda de inteligencia, investigaci\u00f3n y seguridad","potentialAction":[{"@type":"SearchAction","target":{"@type":"EntryPoint","urlTemplate":"https:\/\/dchintelligence.com\/es\/?s={search_term_string}"},"query-input":{"@type":"PropertyValueSpecification","valueRequired":true,"valueName":"search_term_string"}}],"inLanguage":"es"}]}},"_links":{"self":[{"href":"https:\/\/dchintelligence.com\/es\/wp-json\/wp\/v2\/pages\/13","targetHints":{"allow":["GET"]}}],"collection":[{"href":"https:\/\/dchintelligence.com\/es\/wp-json\/wp\/v2\/pages"}],"about":[{"href":"https:\/\/dchintelligence.com\/es\/wp-json\/wp\/v2\/types\/page"}],"author":[{"embeddable":true,"href":"https:\/\/dchintelligence.com\/es\/wp-json\/wp\/v2\/users\/2"}],"replies":[{"embeddable":true,"href":"https:\/\/dchintelligence.com\/es\/wp-json\/wp\/v2\/comments?post=13"}],"version-history":[{"count":38,"href":"https:\/\/dchintelligence.com\/es\/wp-json\/wp\/v2\/pages\/13\/revisions"}],"predecessor-version":[{"id":887,"href":"https:\/\/dchintelligence.com\/es\/wp-json\/wp\/v2\/pages\/13\/revisions\/887"}],"wp:featuredmedia":[{"embeddable":true,"href":"https:\/\/dchintelligence.com\/es\/wp-json\/wp\/v2\/media\/462"}],"wp:attachment":[{"href":"https:\/\/dchintelligence.com\/es\/wp-json\/wp\/v2\/media?parent=13"}],"curies":[{"name":"wp","href":"https:\/\/api.w.org\/{rel}","templated":true}]}}